{"id":46,"date":"2020-11-04T17:52:16","date_gmt":"2020-11-04T17:52:16","guid":{"rendered":"https:\/\/alexandravillarroel.com\/esp\/blog\/?page_id=46"},"modified":"2020-11-04T17:53:59","modified_gmt":"2020-11-04T17:53:59","slug":"latest-posts","status":"publish","type":"page","link":"https:\/\/alexandravillarroel.com\/esp\/blog\/latest-posts\/","title":{"rendered":"Latest Posts"},"content":{"rendered":"\n<p><strong><strong>\t\t<div class=\"wppsac-slick-carousel-wrp wppsac-clearfix \">\r\n\t\t\t<div id=\"wppsac-post-carousel-1\" class=\"wppsac-post-carousel design-1\">\r\n\t\t\t\t\r\n<div class=\"wppsac-carousel-slides\">\r\n\t\t\t<div class=\"wppsac-post-image-bg\">\r\n\t\t\t<a href=\"https:\/\/alexandravillarroel.com\/esp\/blog\/desarrollo-y-crecimiento-personal\/mi-historia-porque-me-fui-de-la-casa-de-mis-padres-a-los-18-anos\/\">\r\n\t\t\t\t<img class=\"wppsac-post-image-bg\"  src=\"https:\/\/alexandravillarroel.com\/esp\/blog\/wp-content\/uploads\/2020\/11\/Miniatura-Espan\u0303ol-Episode-1.jpg\" alt=\"MI HISTORIA &#8211; Porque me fui de la casa de mis padres a los 18 a\u00f1os\" \/>\r\n\t\t\t<\/a>\r\n\t\t<\/div>\r\n\t\t<div class=\"wppsac-post-content-position\">\r\n\t\t\t\t\t<div class=\"wppsac-post-categories\"><ul class=\"wppsac-post-categories-list\"><li><a href=\"https:\/\/alexandravillarroel.com\/esp\/blog\/category\/desarrollo-y-crecimiento-personal\/\" rel=\"category\"> DESARROLLO Y CRECIMIENTO PERSONAL <\/a><\/li><\/ul><\/div>\r\n\t\t\t  \t<h2 class=\"wppsac-post-title\">\r\n\t\t\t<a href=\"https:\/\/alexandravillarroel.com\/esp\/blog\/desarrollo-y-crecimiento-personal\/mi-historia-porque-me-fui-de-la-casa-de-mis-padres-a-los-18-anos\/\">MI HISTORIA &#8211; Porque me fui de la casa de mis padres a los 18 a\u00f1os<\/a>\r\n\t\t<\/h2>\r\n\t\t\t\t\t<div class=\"wppsac-post-date\">\r\n\t\t\t\t\t\t\t\t\t<span>By admin<\/span>\r\n\t\t\t\t&nbsp;\/&nbsp;noviembre 13, 2020\t\t\t<\/div>\r\n\t\t\t\t\t\t\t<div class=\"wppsac-post-content\">\r\n\t\t\t\t\t\t\t\t\t<div class=\"wppsac-sub-content\">La Rueda del A\u00f1o A.V.A. ha girado por primera vez, lo que significa que hemos entrado en el primer nivel...<\/div>\r\n\t\t\t\t\r\n\t\t\t\t\t\t\t\t\t<a class=\"wppsac-readmorebtn\" href=\"https:\/\/alexandravillarroel.com\/esp\/blog\/desarrollo-y-crecimiento-personal\/mi-historia-porque-me-fui-de-la-casa-de-mis-padres-a-los-18-anos\/\">Read More<\/a>\r\n\t\t\t\t\t\t\t<\/div>\r\n\t\t\t<\/div>\r\n<\/div>\r\n<div class=\"wppsac-carousel-slides\">\r\n\t\t\t<div class=\"wppsac-post-image-bg\">\r\n\t\t\t<a href=\"https:\/\/alexandravillarroel.com\/esp\/blog\/salud-emocional\/como-tener-confianza-y-seguridad-en-si-mismo\/\">\r\n\t\t\t\t<img class=\"wppsac-post-image-bg\"  src=\"https:\/\/alexandravillarroel.com\/esp\/blog\/wp-content\/uploads\/2020\/11\/8-HOW-TO-BE-MORE-CONFIDENT.png\" alt=\"C\u00f3mo Tener Confianza Y Seguridad En S\u00ed Mismo\" \/>\r\n\t\t\t<\/a>\r\n\t\t<\/div>\r\n\t\t<div class=\"wppsac-post-content-position\">\r\n\t\t\t\t\t<div class=\"wppsac-post-categories\"><ul class=\"wppsac-post-categories-list\"><li><a href=\"https:\/\/alexandravillarroel.com\/esp\/blog\/category\/salud-emocional\/\" rel=\"category\"> SALUD EMOCIONAL <\/a><\/li><\/ul><\/div>\r\n\t\t\t  \t<h2 class=\"wppsac-post-title\">\r\n\t\t\t<a href=\"https:\/\/alexandravillarroel.com\/esp\/blog\/salud-emocional\/como-tener-confianza-y-seguridad-en-si-mismo\/\">C\u00f3mo Tener Confianza Y Seguridad En S\u00ed Mismo<\/a>\r\n\t\t<\/h2>\r\n\t\t\t\t\t<div class=\"wppsac-post-date\">\r\n\t\t\t\t\t\t\t\t\t<span>By admin<\/span>\r\n\t\t\t\t&nbsp;\/&nbsp;noviembre 4, 2020\t\t\t<\/div>\r\n\t\t\t\t\t\t\t<div class=\"wppsac-post-content\">\r\n\t\t\t\t\t\t\t\t\t<div class=\"wppsac-sub-content\">Para tener \u00e9xito, la confianza en s\u00ed misma es fundamental. Llegamos al mundo confiadas. Cuando un ni\u00f1o est\u00e1 aprendiendo a...<\/div>\r\n\t\t\t\t\r\n\t\t\t\t\t\t\t\t\t<a class=\"wppsac-readmorebtn\" href=\"https:\/\/alexandravillarroel.com\/esp\/blog\/salud-emocional\/como-tener-confianza-y-seguridad-en-si-mismo\/\">Read More<\/a>\r\n\t\t\t\t\t\t\t<\/div>\r\n\t\t\t<\/div>\r\n<\/div>\r\n<div class=\"wppsac-carousel-slides\">\r\n\t\t\t<div class=\"wppsac-post-image-bg\">\r\n\t\t\t<a href=\"https:\/\/alexandravillarroel.com\/esp\/blog\/entretenimiento\/los-rituales-matutinos-de-gente-extremadamente-exitosa\/\">\r\n\t\t\t\t<img class=\"wppsac-post-image-bg\"  src=\"https:\/\/alexandravillarroel.com\/esp\/blog\/wp-content\/uploads\/2020\/11\/16-The-morning-rituals-of-extremely-successful-people.png\" alt=\"Los Rituales Matutinos De Gente Extremadamente Exitosa\" \/>\r\n\t\t\t<\/a>\r\n\t\t<\/div>\r\n\t\t<div class=\"wppsac-post-content-position\">\r\n\t\t\t\t\t<div class=\"wppsac-post-categories\"><ul class=\"wppsac-post-categories-list\"><li><a href=\"https:\/\/alexandravillarroel.com\/esp\/blog\/category\/entretenimiento\/\" rel=\"category\"> ENTRETENIMIENTO <\/a><\/li><\/ul><\/div>\r\n\t\t\t  \t<h2 class=\"wppsac-post-title\">\r\n\t\t\t<a href=\"https:\/\/alexandravillarroel.com\/esp\/blog\/entretenimiento\/los-rituales-matutinos-de-gente-extremadamente-exitosa\/\">Los Rituales Matutinos De Gente Extremadamente Exitosa<\/a>\r\n\t\t<\/h2>\r\n\t\t\t\t\t<div class=\"wppsac-post-date\">\r\n\t\t\t\t\t\t\t\t\t<span>By admin<\/span>\r\n\t\t\t\t&nbsp;\/&nbsp;noviembre 4, 2020\t\t\t<\/div>\r\n\t\t\t\t\t\t\t<div class=\"wppsac-post-content\">\r\n\t\t\t\t\t\t\t\t\t<div class=\"wppsac-sub-content\">La ma\u00f1ana es una parte sagrada del d\u00eda. Es el espacio para prepararte mentalmente, espiritualmente y f\u00edsicamente para un nuevo...<\/div>\r\n\t\t\t\t\r\n\t\t\t\t\t\t\t\t\t<a class=\"wppsac-readmorebtn\" href=\"https:\/\/alexandravillarroel.com\/esp\/blog\/entretenimiento\/los-rituales-matutinos-de-gente-extremadamente-exitosa\/\">Read More<\/a>\r\n\t\t\t\t\t\t\t<\/div>\r\n\t\t\t<\/div>\r\n<\/div>\r\n<div class=\"wppsac-carousel-slides\">\r\n\t\t\t<div class=\"wppsac-post-image-bg\">\r\n\t\t\t<a href=\"https:\/\/alexandravillarroel.com\/esp\/blog\/finanzas\/como-volverse-rica\/\">\r\n\t\t\t\t<img class=\"wppsac-post-image-bg\"  src=\"https:\/\/alexandravillarroel.com\/esp\/blog\/wp-content\/uploads\/2020\/11\/12-How-to-become-rich.png\" alt=\"C\u00f3mo Volverse Rica\" \/>\r\n\t\t\t<\/a>\r\n\t\t<\/div>\r\n\t\t<div class=\"wppsac-post-content-position\">\r\n\t\t\t\t\t<div class=\"wppsac-post-categories\"><ul class=\"wppsac-post-categories-list\"><li><a href=\"https:\/\/alexandravillarroel.com\/esp\/blog\/category\/finanzas\/\" rel=\"category\"> FINANZAS <\/a><\/li><\/ul><\/div>\r\n\t\t\t  \t<h2 class=\"wppsac-post-title\">\r\n\t\t\t<a href=\"https:\/\/alexandravillarroel.com\/esp\/blog\/finanzas\/como-volverse-rica\/\">C\u00f3mo Volverse Rica<\/a>\r\n\t\t<\/h2>\r\n\t\t\t\t\t<div class=\"wppsac-post-date\">\r\n\t\t\t\t\t\t\t\t\t<span>By admin<\/span>\r\n\t\t\t\t&nbsp;\/&nbsp;noviembre 4, 2020\t\t\t<\/div>\r\n\t\t\t\t\t\t\t<div class=\"wppsac-post-content\">\r\n\t\t\t\t\t\t\t\t\t<div class=\"wppsac-sub-content\">Ser rico es un estado mental. De hecho, todo empieza en la mente. Cualquier cosa que T\u00fa quieras que se...<\/div>\r\n\t\t\t\t\r\n\t\t\t\t\t\t\t\t\t<a class=\"wppsac-readmorebtn\" href=\"https:\/\/alexandravillarroel.com\/esp\/blog\/finanzas\/como-volverse-rica\/\">Read More<\/a>\r\n\t\t\t\t\t\t\t<\/div>\r\n\t\t\t<\/div>\r\n<\/div>\r\n<div class=\"wppsac-carousel-slides\">\r\n\t\t\t<div class=\"wppsac-post-image-bg\">\r\n\t\t\t<a href=\"https:\/\/alexandravillarroel.com\/esp\/blog\/amor-y-relaciones\/como-no-volver-a-tener-el-corazon-partido-nunca-mas\/\">\r\n\t\t\t\t<img class=\"wppsac-post-image-bg\"  src=\"https:\/\/alexandravillarroel.com\/esp\/blog\/wp-content\/uploads\/2020\/11\/11-How-to-never-get-your-heart-broken-again.png\" alt=\"C\u00f3mo No Volver A Tener El Coraz\u00f3n Partido Nunca M\u00e1s\" \/>\r\n\t\t\t<\/a>\r\n\t\t<\/div>\r\n\t\t<div class=\"wppsac-post-content-position\">\r\n\t\t\t\t\t<div class=\"wppsac-post-categories\"><ul class=\"wppsac-post-categories-list\"><li><a href=\"https:\/\/alexandravillarroel.com\/esp\/blog\/category\/amor-y-relaciones\/\" rel=\"category\"> AMOR Y RELACIONES <\/a><\/li><\/ul><\/div>\r\n\t\t\t  \t<h2 class=\"wppsac-post-title\">\r\n\t\t\t<a href=\"https:\/\/alexandravillarroel.com\/esp\/blog\/amor-y-relaciones\/como-no-volver-a-tener-el-corazon-partido-nunca-mas\/\">C\u00f3mo No Volver A Tener El Coraz\u00f3n Partido Nunca M\u00e1s<\/a>\r\n\t\t<\/h2>\r\n\t\t\t\t\t<div class=\"wppsac-post-date\">\r\n\t\t\t\t\t\t\t\t\t<span>By admin<\/span>\r\n\t\t\t\t&nbsp;\/&nbsp;noviembre 4, 2020\t\t\t<\/div>\r\n\t\t\t\t\t\t\t<div class=\"wppsac-post-content\">\r\n\t\t\t\t\t\t\t\t\t<div class=\"wppsac-sub-content\">\u00bfSab\u00edas que cuando te rompen el coraz\u00f3n tu cuerpo reacciona de la misma forma como si hubieses tenido un accidente...<\/div>\r\n\t\t\t\t\r\n\t\t\t\t\t\t\t\t\t<a class=\"wppsac-readmorebtn\" href=\"https:\/\/alexandravillarroel.com\/esp\/blog\/amor-y-relaciones\/como-no-volver-a-tener-el-corazon-partido-nunca-mas\/\">Read More<\/a>\r\n\t\t\t\t\t\t\t<\/div>\r\n\t\t\t<\/div>\r\n<\/div>\r\n<div class=\"wppsac-carousel-slides\">\r\n\t\t\t<div class=\"wppsac-post-image-bg\">\r\n\t\t\t<a href=\"https:\/\/alexandravillarroel.com\/esp\/blog\/desarrollo-y-crecimiento-personal\/lo-que-los-grandes-lideres-hacen-cada-dia\/\">\r\n\t\t\t\t<img class=\"wppsac-post-image-bg\"  src=\"https:\/\/alexandravillarroel.com\/esp\/blog\/wp-content\/uploads\/2020\/11\/3-WHAT-GREAT-LEADERS-DO-EVERY-DAY.png\" alt=\"Lo Que Los Grandes L\u00edderes Hacen Cada D\u00eda\" \/>\r\n\t\t\t<\/a>\r\n\t\t<\/div>\r\n\t\t<div class=\"wppsac-post-content-position\">\r\n\t\t\t\t\t<div class=\"wppsac-post-categories\"><ul class=\"wppsac-post-categories-list\"><li><a href=\"https:\/\/alexandravillarroel.com\/esp\/blog\/category\/desarrollo-y-crecimiento-personal\/\" rel=\"category\"> DESARROLLO Y CRECIMIENTO PERSONAL <\/a><\/li><\/ul><\/div>\r\n\t\t\t  \t<h2 class=\"wppsac-post-title\">\r\n\t\t\t<a href=\"https:\/\/alexandravillarroel.com\/esp\/blog\/desarrollo-y-crecimiento-personal\/lo-que-los-grandes-lideres-hacen-cada-dia\/\">Lo Que Los Grandes L\u00edderes Hacen Cada D\u00eda<\/a>\r\n\t\t<\/h2>\r\n\t\t\t\t\t<div class=\"wppsac-post-date\">\r\n\t\t\t\t\t\t\t\t\t<span>By admin<\/span>\r\n\t\t\t\t&nbsp;\/&nbsp;noviembre 4, 2020\t\t\t<\/div>\r\n\t\t\t\t\t\t\t<div class=\"wppsac-post-content\">\r\n\t\t\t\t\t\t\t\t\t<div class=\"wppsac-sub-content\">Seguido hablo acerca de la importancia de tener h\u00e1bitos s\u00f3lidos y positivos. En el episodio de esta semana de AlexandraTV...<\/div>\r\n\t\t\t\t\r\n\t\t\t\t\t\t\t\t\t<a class=\"wppsac-readmorebtn\" href=\"https:\/\/alexandravillarroel.com\/esp\/blog\/desarrollo-y-crecimiento-personal\/lo-que-los-grandes-lideres-hacen-cada-dia\/\">Read More<\/a>\r\n\t\t\t\t\t\t\t<\/div>\r\n\t\t\t<\/div>\r\n<\/div>\r\n<div class=\"wppsac-carousel-slides\">\r\n\t\t\t<div class=\"wppsac-post-image-bg\">\r\n\t\t\t<a href=\"https:\/\/alexandravillarroel.com\/esp\/blog\/salud-fisica\/como-hacer-el-amor-de-manera-extasiante\/\">\r\n\t\t\t\t<img class=\"wppsac-post-image-bg\"  src=\"https:\/\/alexandravillarroel.com\/esp\/blog\/wp-content\/uploads\/2020\/11\/4-HOW-TO-HAVE-MIND-BLOWING-SEX.png\" alt=\"C\u00f3mo Hacer El Amor De Manera Extasiante\" \/>\r\n\t\t\t<\/a>\r\n\t\t<\/div>\r\n\t\t<div class=\"wppsac-post-content-position\">\r\n\t\t\t\t\t<div class=\"wppsac-post-categories\"><ul class=\"wppsac-post-categories-list\"><li><a href=\"https:\/\/alexandravillarroel.com\/esp\/blog\/category\/salud-fisica\/\" rel=\"category\"> SALUD F\u00cdSICA <\/a><\/li><\/ul><\/div>\r\n\t\t\t  \t<h2 class=\"wppsac-post-title\">\r\n\t\t\t<a href=\"https:\/\/alexandravillarroel.com\/esp\/blog\/salud-fisica\/como-hacer-el-amor-de-manera-extasiante\/\">C\u00f3mo Hacer El Amor De Manera Extasiante<\/a>\r\n\t\t<\/h2>\r\n\t\t\t\t\t<div class=\"wppsac-post-date\">\r\n\t\t\t\t\t\t\t\t\t<span>By admin<\/span>\r\n\t\t\t\t&nbsp;\/&nbsp;noviembre 4, 2020\t\t\t<\/div>\r\n\t\t\t\t\t\t\t<div class=\"wppsac-post-content\">\r\n\t\t\t\t\t\t\t\t\t<div class=\"wppsac-sub-content\">Todos nacimos del encuentro sexual que tuvieron nuestra Madre con nuestro Padre. Eso es lo m\u00e1s natural; sin embargo, sigue...<\/div>\r\n\t\t\t\t\r\n\t\t\t\t\t\t\t\t\t<a class=\"wppsac-readmorebtn\" href=\"https:\/\/alexandravillarroel.com\/esp\/blog\/salud-fisica\/como-hacer-el-amor-de-manera-extasiante\/\">Read More<\/a>\r\n\t\t\t\t\t\t\t<\/div>\r\n\t\t\t<\/div>\r\n<\/div>\r\n<div class=\"wppsac-carousel-slides\">\r\n\t\t\t<div class=\"wppsac-post-image-bg\">\r\n\t\t\t<a href=\"https:\/\/alexandravillarroel.com\/esp\/blog\/vida-social\/como-hacer-nuevos-amigos\/\">\r\n\t\t\t\t<img class=\"wppsac-post-image-bg\"  src=\"https:\/\/alexandravillarroel.com\/esp\/blog\/wp-content\/uploads\/2020\/11\/1-How-to-make-new-friends.jpg\" alt=\"C\u00f3mo Hacer Nuevos Amigos\" \/>\r\n\t\t\t<\/a>\r\n\t\t<\/div>\r\n\t\t<div class=\"wppsac-post-content-position\">\r\n\t\t\t\t\t<div class=\"wppsac-post-categories\"><ul class=\"wppsac-post-categories-list\"><li><a href=\"https:\/\/alexandravillarroel.com\/esp\/blog\/category\/vida-social\/\" rel=\"category\"> VIDA SOCIAL <\/a><\/li><\/ul><\/div>\r\n\t\t\t  \t<h2 class=\"wppsac-post-title\">\r\n\t\t\t<a href=\"https:\/\/alexandravillarroel.com\/esp\/blog\/vida-social\/como-hacer-nuevos-amigos\/\">C\u00f3mo Hacer Nuevos Amigos<\/a>\r\n\t\t<\/h2>\r\n\t\t\t\t\t<div class=\"wppsac-post-date\">\r\n\t\t\t\t\t\t\t\t\t<span>By admin<\/span>\r\n\t\t\t\t&nbsp;\/&nbsp;noviembre 4, 2020\t\t\t<\/div>\r\n\t\t\t\t\t\t\t<div class=\"wppsac-post-content\">\r\n\t\t\t\t\t\t\t\t\t<div class=\"wppsac-sub-content\">Hacer amigos mientras eres ni\u00f1o es mucho m\u00e1s f\u00e1cil de hacer que cuando entras a la adultez. Las oportunidades para...<\/div>\r\n\t\t\t\t\r\n\t\t\t\t\t\t\t\t\t<a class=\"wppsac-readmorebtn\" href=\"https:\/\/alexandravillarroel.com\/esp\/blog\/vida-social\/como-hacer-nuevos-amigos\/\">Read More<\/a>\r\n\t\t\t\t\t\t\t<\/div>\r\n\t\t\t<\/div>\r\n<\/div>\r\n<div class=\"wppsac-carousel-slides\">\r\n\t\t\t<div class=\"wppsac-post-image-bg\">\r\n\t\t\t<a href=\"https:\/\/alexandravillarroel.com\/esp\/blog\/espiritualidad\/la-clave-faltante-de-la-ley-de-la-atraccion\/\">\r\n\t\t\t\t<img class=\"wppsac-post-image-bg\"  src=\"https:\/\/alexandravillarroel.com\/esp\/blog\/wp-content\/uploads\/2020\/11\/17-The-missing-key-to-the-law-of-attraction.png\" alt=\"La Clave Faltante De La Ley De La Atracci\u00f3n\" \/>\r\n\t\t\t<\/a>\r\n\t\t<\/div>\r\n\t\t<div class=\"wppsac-post-content-position\">\r\n\t\t\t\t\t<div class=\"wppsac-post-categories\"><ul class=\"wppsac-post-categories-list\"><li><a href=\"https:\/\/alexandravillarroel.com\/esp\/blog\/category\/espiritualidad\/\" rel=\"category\"> ESPIRITUALIDAD <\/a><\/li><\/ul><\/div>\r\n\t\t\t  \t<h2 class=\"wppsac-post-title\">\r\n\t\t\t<a href=\"https:\/\/alexandravillarroel.com\/esp\/blog\/espiritualidad\/la-clave-faltante-de-la-ley-de-la-atraccion\/\">La Clave Faltante De La Ley De La Atracci\u00f3n<\/a>\r\n\t\t<\/h2>\r\n\t\t\t\t\t<div class=\"wppsac-post-date\">\r\n\t\t\t\t\t\t\t\t\t<span>By admin<\/span>\r\n\t\t\t\t&nbsp;\/&nbsp;noviembre 4, 2020\t\t\t<\/div>\r\n\t\t\t\t\t\t\t<div class=\"wppsac-post-content\">\r\n\t\t\t\t\t\t\t\t\t<div class=\"wppsac-sub-content\">La filosof\u00eda de la nueva era surgi\u00f3 por all\u00e1 en 2006 con la salida del libro El Secreto. Vendiendo m\u00e1s...<\/div>\r\n\t\t\t\t\r\n\t\t\t\t\t\t\t\t\t<a class=\"wppsac-readmorebtn\" href=\"https:\/\/alexandravillarroel.com\/esp\/blog\/espiritualidad\/la-clave-faltante-de-la-ley-de-la-atraccion\/\">Read More<\/a>\r\n\t\t\t\t\t\t\t<\/div>\r\n\t\t\t<\/div>\r\n<\/div>\r\n<div class=\"wppsac-carousel-slides\">\r\n\t\t\t<div class=\"wppsac-post-image-bg\">\r\n\t\t\t<a href=\"https:\/\/alexandravillarroel.com\/esp\/blog\/gestion-del-tiempo-y-organizacion\/el-poder-de-los-habitos-como-crear-un-habito\/\">\r\n\t\t\t\t<img class=\"wppsac-post-image-bg\"  src=\"https:\/\/alexandravillarroel.com\/esp\/blog\/wp-content\/uploads\/2020\/11\/7-THE-POWER-OF-HABIT.png\" alt=\"El Poder De Los H\u00e1bitos: C\u00f3mo Crear Un H\u00c1BITO\" \/>\r\n\t\t\t<\/a>\r\n\t\t<\/div>\r\n\t\t<div class=\"wppsac-post-content-position\">\r\n\t\t\t\t\t<div class=\"wppsac-post-categories\"><ul class=\"wppsac-post-categories-list\"><li><a href=\"https:\/\/alexandravillarroel.com\/esp\/blog\/category\/gestion-del-tiempo-y-organizacion\/\" rel=\"category\"> GESTI\u00d3N DEL TIEMPO Y ORGANIZACI\u00d3N <\/a><\/li><\/ul><\/div>\r\n\t\t\t  \t<h2 class=\"wppsac-post-title\">\r\n\t\t\t<a href=\"https:\/\/alexandravillarroel.com\/esp\/blog\/gestion-del-tiempo-y-organizacion\/el-poder-de-los-habitos-como-crear-un-habito\/\">El Poder De Los H\u00e1bitos: C\u00f3mo Crear Un H\u00c1BITO<\/a>\r\n\t\t<\/h2>\r\n\t\t\t\t\t<div class=\"wppsac-post-date\">\r\n\t\t\t\t\t\t\t\t\t<span>By admin<\/span>\r\n\t\t\t\t&nbsp;\/&nbsp;noviembre 4, 2020\t\t\t<\/div>\r\n\t\t\t\t\t\t\t<div class=\"wppsac-post-content\">\r\n\t\t\t\t\t\t\t\t\t<div class=\"wppsac-sub-content\">Los h\u00e1bitos son lo que hacemos regularmente, generalmente, sin pensar en ello. La habilidad de hacer algo casi en piloto...<\/div>\r\n\t\t\t\t\r\n\t\t\t\t\t\t\t\t\t<a class=\"wppsac-readmorebtn\" href=\"https:\/\/alexandravillarroel.com\/esp\/blog\/gestion-del-tiempo-y-organizacion\/el-poder-de-los-habitos-como-crear-un-habito\/\">Read More<\/a>\r\n\t\t\t\t\t\t\t<\/div>\r\n\t\t\t<\/div>\r\n<\/div>\t\t\t<\/div>\r\n\t\t\t<div class=\"wppsac-carousel-conf wppsac-hide\" data-conf=\"{&quot;slides_to_show&quot;:&quot;3&quot;,&quot;slides_to_scroll&quot;:&quot;1&quot;,&quot;dots&quot;:&quot;true&quot;,&quot;arrows&quot;:&quot;true&quot;,&quot;autoplay&quot;:&quot;true&quot;,&quot;autoplay_interval&quot;:&quot;3000&quot;,&quot;speed&quot;:&quot;500&quot;,&quot;rtl&quot;:&quot;false&quot;,&quot;lazyload&quot;:&quot;&quot;}\"><\/div>\r\n\t\t<\/div>\r\n\t<\/strong><\/strong><\/p>\n","protected":false},"excerpt":{"rendered":"","protected":false},"author":1,"featured_media":0,"parent":0,"menu_order":0,"comment_status":"closed","ping_status":"closed","template":"elementor_header_footer","meta":[],"_links":{"self":[{"href":"https:\/\/alexandravillarroel.com\/esp\/blog\/wp-json\/wp\/v2\/pages\/46"}],"collection":[{"href":"https:\/\/alexandravillarroel.com\/esp\/blog\/wp-json\/wp\/v2\/pages"}],"about":[{"href":"https:\/\/alexandravillarroel.com\/esp\/blog\/wp-json\/wp\/v2\/types\/page"}],"author":[{"embeddable":true,"href":"https:\/\/alexandravillarroel.com\/esp\/blog\/wp-json\/wp\/v2\/users\/1"}],"replies":[{"embeddable":true,"href":"https:\/\/alexandravillarroel.com\/esp\/blog\/wp-json\/wp\/v2\/comments?post=46"}],"version-history":[{"count":1,"href":"https:\/\/alexandravillarroel.com\/esp\/blog\/wp-json\/wp\/v2\/pages\/46\/revisions"}],"predecessor-version":[{"id":47,"href":"https:\/\/alexandravillarroel.com\/esp\/blog\/wp-json\/wp\/v2\/pages\/46\/revisions\/47"}],"wp:attachment":[{"href":"https:\/\/alexandravillarroel.com\/esp\/blog\/wp-json\/wp\/v2\/media?parent=46"}],"curies":[{"name":"wp","href":"https:\/\/api.w.org\/{rel}","templated":true}]}}